{"id":3,"date":"2019-05-28T10:23:16","date_gmt":"2019-05-28T08:23:16","guid":{"rendered":"https:\/\/www.gesundessalzburg.at\/amd\/?page_id=3"},"modified":"2019-10-23T08:44:20","modified_gmt":"2019-10-23T06:44:20","slug":"datenschutzerklaerung","status":"publish","type":"page","link":"https:\/\/www.gesundessalzburg.at\/amd\/datenschutzerklaerung\/","title":{"rendered":"Datenschutzerkl\u00e4rung"},"content":{"rendered":"<p><strong>Datenschutzmitteilung<\/strong><\/p>\n<p>Stand: 15. Juli 2019<\/p>\n<p>Wir nehmen den Schutz Ihrer pers\u00f6nlichen Daten ernst und behandeln Ihre personenbezogenen Daten vertraulich und entsprechend der gesetzlichen Datenschutzvorschriften sowie dieser Datenschutzerkl\u00e4rung.<\/p>\n<p>Diese Website wird von der AMD Gesellschaft f\u00fcr Arbeitsmedizin, Sicherheitstechnik und Arbeitspsychologie GmbH, Elisabethstra\u00dfe 2, 5020 Salzburg, \u00d6sterreich (\u201ewir\u201c bzw. \u201euns\u201c) betrieben. Diese Mitteilung beschreibt wie wir, als datenschutzrechtlich Verantwortlicher, Ihre personenbezogenen Daten im Zusammenhang mit dieser Website verarbeiten.<\/p>\n<ol>\n<li><strong> Welche Daten wir \u00fcber Sie verarbeiten<\/strong><\/li>\n<\/ol>\n<p>Im Zuge Ihres Besuches dieser Website werden wir folgende Informationen erheben: Das Datum und die Uhrzeit des Aufrufs einer Seite auf unserer Website, Ihre IP-Adresse, Typ und Version Ihres Web-Browsers, die Referrer-URL (zuvor besuchte Website), bestimmte Cookies (siehe Punkt 2 unten) und jene Informationen, die Sie selbst durch Ausf\u00fcllen des Kontaktformulars, durch Registrierung auf unserer Website oder im Rahmen des Abonnierens unseres Newsletters zur Verf\u00fcgung stellen.<\/p>\n<p>Es besteht keine Verpflichtung, jene Daten, um deren Angabe wir Sie auf unserer Website bitten, tats\u00e4chlich anzugeben. Wenn Sie dies jedoch nicht tun, wird es Ihnen nicht m\u00f6glich sein, alle Funktionen der Website zu nutzen.<\/p>\n<ol start=\"2\">\n<li><strong> Cookies<\/strong><\/li>\n<\/ol>\n<p>Auf dieser Website werden sogenannte Cookies verwendet. Cookies machen Websites f\u00fcr den Benutzer benutzerfreundlicher und effizienter. Ein Cookie ist eine kleine Textdatei, die auf Ihrem Computer gespeichert werden kann, wenn Sie eine Website besuchen. Grunds\u00e4tzlich werden Cookies verwendet, um Nutzern zus\u00e4tzliche Funktionen auf einer Website zu bieten. Sie k\u00f6nnen zum Beispiel verwendet werden, um Ihnen die Navigation auf einer Website zu erleichtern, es Ihnen zu erm\u00f6glichen, eine Website dort weiter zu verwenden, wo Sie sie verlassen haben und\/oder Ihre Pr\u00e4ferenzen und Einstellungen zu speichern, wenn Sie die Website wieder besuchen. Cookies k\u00f6nnen auf keine anderen Daten auf Ihrem Computer zugreifen, diese lesen oder ver\u00e4ndern.<\/p>\n<p>Die meisten der Cookies auf dieser Website sind sogenannte Session-Cookies. Sie werden automatisch gel\u00f6scht, wenn Sie unsere Website wieder verlassen. Dauerhafte Cookies hingegen bleiben auf Ihrem Computer, bis Sie sie manuell in Ihrem Browser l\u00f6schen. Wir verwenden solche dauerhaften Cookies, um Sie wieder zu erkennen, wenn Sie unsere Website das n\u00e4chste Mal besuchen.<\/p>\n<p>Wenn Sie Cookies auf Ihrem Computer kontrollieren wollen, k\u00f6nnen Sie ihre Browser-Einstellungen so w\u00e4hlen, dass Sie eine Benachrichtigung bekommen, wenn eine Website Cookies speichern will. Sie k\u00f6nnen Cookies auch blockieren oder l\u00f6schen, wenn sie bereits auf Ihrem Computer gespeichert wurden. Wenn Sie mehr dar\u00fcber wissen m\u00f6chten, wie Sie diese Schritte setzen k\u00f6nnen, ben\u00fctzen Sie bitte die \u201eHilfe\u201c-Funktion in Ihrem Browser. Wenn die Nutzung von Cookies eingeschr\u00e4nkt wird, sind unter Umst\u00e4nden nicht mehr alle Funktionen dieser Website vollumf\u00e4nglich nutzbar.<\/p>\n<p>Unsere Webseite verarbeitet folgende Cookies:<\/p>\n<ul>\n<li>_ga (siehe Kapitel 6, Google Analytics)<\/li>\n<li>_gid (siehe Kapitel 6, Google Analytics)<\/li>\n<li>_gat (siehe Kapitel 6, Google Analytics)<\/li>\n<\/ul>\n<p>Beachten Sie bitte, dass das Blockieren oder L\u00f6schen von Cookies Ihre Online-Erfahrung beeintr\u00e4chtigen und Sie daran hindern k\u00f6nnte, diese Website vollst\u00e4ndig zu nutzen.<\/p>\n<ol start=\"3\">\n<li><strong> Zwecke der Datenverarbeitung<\/strong><\/li>\n<\/ol>\n<p>Wir werden Ihre personenbezogenen Daten zu folgenden Zwecken verarbeiten:<\/p>\n<ul>\n<li>um Ihnen diese Website zur Verf\u00fcgung zu stellen und um diese Website weiter zu verbessern und zu entwickeln;<\/li>\n<li>um Nutzungsstatistiken erstellen zu k\u00f6nnen;<\/li>\n<li>um Angriffe auf unsere Website erkennen, verhindern und untersuchen zu k\u00f6nnen;<\/li>\n<li>um auf Ihre Anfragen zu antworten.<\/li>\n<li>um Ihnen die Registrierung auf unserer Website zu erm\u00f6glichen;<\/li>\n<li>um Ihnen Informationen \u00fcber Produkte, Dienstleistungen und Veranstaltungen\u00a0zukommen lassen zu k\u00f6nnen, wenn Sie sich f\u00fcr den Newsletter registrieren.<\/li>\n<\/ul>\n<ol start=\"4\">\n<li><strong> Einbindung von Inhalten von Drittanbietern<\/strong><\/li>\n<\/ol>\n<p>Allenfalls k\u00f6nnen auf dieser Website auch Inhalte von Drittanbietern, wie zum Beispiel Videos von YouTube oder Kartenmaterial von Google-Maps eingebunden werden. Die Wahrnehmung der IP-Adresse der Nutzer durch den Anbieter ist f\u00fcr die Darstellung dieser Inhalte erforderlich. Wir haben keinen Einfluss darauf, falls Drittanbieter die IP-Adresse z.B. f\u00fcr statistische Zwecke speichern. Soweit dies uns bekannt ist, kl\u00e4ren wir die Nutzer dar\u00fcber auf.<\/p>\n<ul>\n<li>Youtube: Wir binden Videos der Plattform \u201cYouTube\u201d des Anbieters Google LLC, 1600 Amphitheatre Parkway, Mountain View, CA 94043, USA, ein. Datenschutzerkl\u00e4rung: <a rel=\"nofollow\" target=\"_blank\"  href=\"https:\/\/www.google.com\/policies\/privacy\/\">https:\/\/www.google.com\/policies\/privacy\/<\/a>, Opt-Out:\u00a0<a rel=\"nofollow\" target=\"_blank\"  href=\"https:\/\/adssettings.google.com\/authenticated\">https:\/\/adssettings.google.com\/authenticated<\/a>.<\/li>\n<\/ul>\n<ol start=\"5\">\n<li><strong> Anmeldung zum Newsletter<\/strong><\/li>\n<\/ol>\n<p>Die bei der Anmeldung zum Newsletter angegebenen Daten (Vorname und Nachname, Organisation, E-Mail-Adresse, Telefonnummer) werden nur f\u00fcr den Versand des Newsletters verwendet. Es besteht keine gesetzliche oder vertragliche Verpflichtung zur Bereitstellung der personenbezogenen Daten. Die Nichteinwilligung hat lediglich zur Folge, dass Sie keinen E-Mail-Newsletter erhalten.<\/p>\n<p>Zum Versand des Newsletters verwenden wir die von Ihnen angegebene E-Mail-Adresse und ben\u00f6tigen anschlie\u00dfend Ihre Best\u00e4tigung, dass Sie, als Inhaber der E-Mail-Adresse, mit dem Empfang einverstanden sind (sog. Double Opt-In). Sie k\u00f6nnen das Abonnement jederzeit \u00fcber die im Newsletter vorgesehene Abmeldem\u00f6glichkeit beenden. Wenn Sie sich zum Erhalt des Newsletters anmelden, willigen Sie ein, dass wir Ihnen Informationen \u00fcber Produkte, Dienstleistungen und Veranstaltungen zusenden.<\/p>\n<ol start=\"6\">\n<li><strong> Google Analytics<\/strong><\/li>\n<\/ol>\n<p>Diese Website verwendet Google Analytics, einen Webanalysedienst der Google Inc, 1600 Amphitheatre Parkway Mountain View, CA 94043, USA (\u201eGoogle\u201c). Wir haben dazu mit Google einen Vertrag zur Auftragsdatenverarbeitung abgeschlossen. Die \u00dcbermittlung der Daten in die USA erfolgt auf Grundlage des Privacy Shields.<\/p>\n<p>Beim Aufruf unserer Webseite wird \u00fcber eine Software eine Verbindung zu den Servern von Google hergestellt und Daten an teils in den USA befindliche Server von Google \u00fcbermittelt. Google Analytics verwendet zudem Cookies zur Speicherung von Informationen \u00fcber den Website-Benutzer und zur Analyse der Benutzung der Website durch die Website-Benutzer.<\/p>\n<p>Diese Website nutzt die Funktion \u201eAktivierung der IP-Anonymisierung\u201c. Dadurch wird Ihre IP-Adresse von Google innerhalb von Mitgliedstaaten der Europ\u00e4ischen Union oder in anderen Vertragsstaaten des Abkommens \u00fcber den Europ\u00e4ischen Wirtschaftsraum zuvor gek\u00fcrzt. Nur in Ausnahmef\u00e4llen wird die volle IP-Adresse an einen Server von Google in den USA \u00fcbertragen und dort gek\u00fcrzt.<\/p>\n<p>Laut Angaben von Google wird Google die erhobenen Daten benutzen, um die Nutzung der Website auszuwerten, um Reports \u00fcber die Websiteaktivit\u00e4ten zusammenzustellen und um weitere mit der Websitenutzung und der Internetnutzung verbundene Dienstleistungen zu erbringen.<\/p>\n<p>Auch wird Google diese Informationen gegebenenfalls an Dritte \u00fcbertragen, sofern dies gesetzlich vorgeschrieben ist oder soweit Dritte diese Daten im Auftrag von Google verarbeiten.<br \/>\nDetaillierte Informationen zum Umgang mit Nutzerdaten bei Google Analytics finden Sie in der Datenschutzerkl\u00e4rung von Google bzw. von Google Analytics.<\/p>\n<p><strong>Google Analytics deaktivieren<\/strong><br \/>\nSie k\u00f6nnen die Erfassung Ihrer Nutzerdaten durch Google Analytics generell auf allen Websites verhindern, indem Sie das unter dem folgenden Link verf\u00fcgbare Browser-Plugin herunterladen und installieren: <a href=\"https:\/\/tools.google.com\/dlpage\/gaoptout?hl=de\" target=\"_blank\" rel=\"nofollow\" target=\"_blank\" >https:\/\/tools.google.com\/dlpage\/gaoptout?hl=de<\/a><\/p>\n<p>Sie k\u00f6nnen die Erfassung Ihrer Nutzerdaten durch Google Analytics nur auf dieser Website verhindern, indem Sie auf folgenden Link klicken. Es wird ein Opt-Out-Cookie gesetzt, das die Erfassung Ihrer Daten bei zuk\u00fcnftigen Besuchen dieser Website verhindert: <a class=\"ga_opt_out\" href=\"#\" rel=\"nofollow\" target=\"_blank\" >Google Analytics deaktivieren<\/a>.<\/p>\n<ol start=\"7\">\n<li><strong> Rechtsgrundlagen der Verarbeitung<\/strong><\/li>\n<\/ol>\n<p>Die rechtliche Grundlage f\u00fcr die Verarbeitung Ihrer personenbezogenen Daten ist unser \u00fcberwiegendes berechtigtes Interesse (gem\u00e4\u00df Art 6 Abs 1 lit f EU Datenschutz-Grundverordnung), welches darin besteht, die oben unter Punkt 3 genannten Zwecke zu erreichen sowie die Rechtsgrundlage des Vertragsabschlusses und der Vertragserf\u00fcllung (Art 6 Abs 1 lit b DSGVO).<\/p>\n<ol start=\"8\">\n<li><strong> \u00dcbermittlung Ihrer personenbezogenen Daten<\/strong><\/li>\n<\/ol>\n<p>Zu den oben genannten Zwecken werden wir Ihre personenbezogenen Daten an den von uns eingesetzte IT-Dienstleister und Provider \u00fcbermitteln.<\/p>\n<ol start=\"9\">\n<li><strong> Dauer der Speicherung<\/strong><\/li>\n<\/ol>\n<p>Wir werden Ihre Daten grunds\u00e4tzlich f\u00fcr eine Dauer von drei Monaten speichern. Eine l\u00e4ngere Speicherung erfolgt nur, soweit dies erforderlich ist, um festgestellte Angriffe auf unserer Website zu untersuchen.<\/p>\n<p>Wenn Sie sich auf unserer Website registrieren, werden wir Ihre Daten jedenfalls so lange speichern, so lange Ihr Account besteht und danach f\u00fcr nur so lange, wie rechtliche Verpflichtungen dies vorsehen.<\/p>\n<p>Wenn Sie sich f\u00fcr den Newsletter anmelden, speichern wir die Daten solange der Newsletter versendet wird und kein Widerruf erfolgt.<\/p>\n<ol start=\"10\">\n<li><strong> Ihre Rechte im Zusammenhang mit personenbezogenen Daten<\/strong><\/li>\n<\/ol>\n<p>Sie sind unter anderem berechtigt (unter den Voraussetzungen anwendbaren Rechts), (i) zu \u00fcberpr\u00fcfen, ob und welche personenbezogenen Daten wir \u00fcber Sie gespeichert haben und Kopien dieser Daten zu erhalten, (ii) die Berichtigung, Erg\u00e4nzung oder das L\u00f6schen Ihrer personenbezogenen Daten, die falsch sind oder nicht rechtskonform verarbeitet werden, zu verlangen, (iii) von uns zu verlangen, die Verarbeitung Ihrer personenbezogenen Daten einzuschr\u00e4nken, und (iv) unter bestimmten Umst\u00e4nden der Verarbeitung Ihrer personenbezogenen Daten zu widersprechen oder die f\u00fcr das Verarbeiten zuvor gegebene Einwilligung f\u00fcr die Zukunft zu widerrufen, (v) Daten\u00fcbertragbarkeit zu verlangen, (vi) die Identit\u00e4t von Dritten, an welche Ihre personenbezogenen Daten \u00fcbermittelt werden, zu kennen und (vii) bei der zust\u00e4ndigen Beh\u00f6rde Beschwerde zu erheben.<\/p>\n<p>Kontaktdaten der \u00d6sterreichischen Datenschutzbeh\u00f6rde:<\/p>\n<p><em>\u00d6sterreichische Datenschutzbeh\u00f6rde<br \/>\nWickenburggasse 8<br \/>\n1080 Wien<br \/>\nTelefon: +43 1 52 152-0<br \/>\nE-Mail:\u00a0<\/em><a href=\"mailto:dsb@dsb.gv.at\"><em>dsb@dsb.gv.at<\/em><\/a><\/p>\n<ol start=\"11\">\n<li><strong> Unsere Kontaktdaten<\/strong><\/li>\n<\/ol>\n<p>Sollten Sie zu der Verarbeitung Ihrer personenbezogenen Daten Fragen oder Anliegen haben, wenden Sie sich bitte an uns:<\/p>\n<p><em>AMD Gesellschaft f\u00fcr Arbeitsmedizin, Sicherheitstechnik und Arbeitspsychologie GmbH<br \/>\nElisabethstra\u00dfe 2<br \/>\n5020 Salzburg<br \/>\nTel.: +43 0662 88 75 88<br \/>\n<\/em><a href=\"mailto:amd@amd-sbg.at\"><em>amd@amd-sbg.at<\/em><\/a><\/p>\n","protected":false},"excerpt":{"rendered":"<p>Datenschutzmitteilung Stand: 15. Juli 2019 Wir nehmen den Schutz Ihrer pers\u00f6nlichen Daten ernst und behandeln Ihre personenbezogenen Daten vertraulich und entsprechend der gesetzlichen Datenschutzvorschriften sowie dieser Datenschutzerkl\u00e4rung. Diese Website wird von der AMD Gesellschaft f\u00fcr Arbeitsmedizin, Sicherheitstechnik und Arbeitspsychologie GmbH, Elisabethstra\u00dfe 2, 5020 Salzburg, \u00d6sterreich (\u201ewir\u201c bzw. \u201euns\u201c) betrieben. Diese Mitteilung beschreibt wie wir, als [&hellip;]<\/p>\n","protected":false},"author":1,"featured_media":0,"parent":0,"menu_order":1010,"comment_status":"closed","ping_status":"open","template":"","meta":{"_acf_changed":false,"footnotes":""},"class_list":["post-3","page","type-page","status-publish","hentry"],"acf":[],"_links":{"self":[{"href":"https:\/\/www.gesundessalzburg.at\/amd\/wp-json\/wp\/v2\/pages\/3","targetHints":{"allow":["GET"]}}],"collection":[{"href":"https:\/\/www.gesundessalzburg.at\/amd\/wp-json\/wp\/v2\/pages"}],"about":[{"href":"https:\/\/www.gesundessalzburg.at\/amd\/wp-json\/wp\/v2\/types\/page"}],"author":[{"embeddable":true,"href":"https:\/\/www.gesundessalzburg.at\/amd\/wp-json\/wp\/v2\/users\/1"}],"replies":[{"embeddable":true,"href":"https:\/\/www.gesundessalzburg.at\/amd\/wp-json\/wp\/v2\/comments?post=3"}],"version-history":[{"count":2,"href":"https:\/\/www.gesundessalzburg.at\/amd\/wp-json\/wp\/v2\/pages\/3\/revisions"}],"predecessor-version":[{"id":1171,"href":"https:\/\/www.gesundessalzburg.at\/amd\/wp-json\/wp\/v2\/pages\/3\/revisions\/1171"}],"wp:attachment":[{"href":"https:\/\/www.gesundessalzburg.at\/amd\/wp-json\/wp\/v2\/media?parent=3"}],"curies":[{"name":"wp","href":"https:\/\/api.w.org\/{rel}","templated":true}]}}