{"id":351,"date":"2019-07-22T11:06:09","date_gmt":"2019-07-22T09:06:09","guid":{"rendered":"https:\/\/www.gesundessalzburg.at\/amd\/?page_id=351"},"modified":"2019-09-26T14:27:06","modified_gmt":"2019-09-26T12:27:06","slug":"g-untersuchungen-nach-deutschen-vorschriften","status":"publish","type":"page","link":"https:\/\/www.gesundessalzburg.at\/amd\/arbeitnehmerinnenschutz\/arbeitsmedizin\/arbeitsmedizinische-untersuchungen\/g-untersuchungen-nach-deutschen-vorschriften\/","title":{"rendered":"G-Untersuchungen nach deutschen Vorschriften"},"content":{"rendered":"<p>G 1.1 Quarzhaltiger Staub<br \/>\nG 1.2 Asbestfaserhaltiger Staub<br \/>\nG 1.3 K\u00fcnstlicher mineralischer Faserstaub<br \/>\nG 1.4 Staubbelastung<br \/>\nG 2 Blei<br \/>\nG 3 Bleialkyle<br \/>\nG 4 Hautkrebs hervorrufende Gefahrstoffe<br \/>\nG 5 Glykoldinitrat oder Glycerintrinitrat (Nitroglykol oder Nitroglyzerin)<br \/>\nG 6 Kohlendisulfid (Schwefelkohlenstoff)<br \/>\nG 7 Kohlenmonoxid<br \/>\nG 8 Benzol<br \/>\nG 9 Quecksilber oder seine Verbindungen<br \/>\nG 10 Methanol<br \/>\nG 11 Schwefelwasserstoff<br \/>\nG 12 Phosphor (wei\u00dfer)<br \/>\nG 14 Trichlorethen (Trichlorethylen) und andere Chlorkohlenwasserstoffe<br \/>\nG 15 Chrom-VI-Verbindungen<br \/>\nG 16 Arsen<br \/>\nG 19 Dimethylformamid<br \/>\nG 20 L\u00e4rm<br \/>\nG 21 K\u00e4ltearbeiten<br \/>\nG 22 S\u00e4uresch\u00e4den der Z\u00e4hne<br \/>\nG 23 Obstruktive Atemwegserkrankungen<br \/>\nG 24 Hauterkrankungen<br \/>\nG 25 Fahr- Steuer-, \u00dcberwachungst\u00e4tigkeiten<br \/>\nG 26 Atemschutzger\u00e4te<br \/>\nG 27 Isocyanate<br \/>\nG 29 Benzolhomologe (Toluol\/Xylole)<br \/>\nG 30 Hitzearbeiten<br \/>\nG 31 \u00dcberdruck<br \/>\nG 32 Cadmium oder seine Verbindungen<br \/>\nG 33 Aromatische Nitro- oder Aminoverbindungen<br \/>\nG 34 Fluor<br \/>\nG 35 Arbeitsaufenthalt im Ausland unter besonderen klimatischen und gesundheitlichen Verh\u00e4ltnissen<br \/>\nG 36 Vinylchlorid<br \/>\nG 37 Bildschirmarbeitspl\u00e4tze<br \/>\nG 38 Nickel oder seine Verbindungen<br \/>\nG 39 Schwei\u00dfrauche<br \/>\nG 40 Krebserzeugende oder erbgutver\u00e4ndernde Gefahrstoffe-allg.<br \/>\nG 41 Arbeiten mit Absturzgefahr<br \/>\nG 42 T\u00e4tigkeiten mit Infektionsgefahr<br \/>\nG 44 Hartholzst\u00e4ube<br \/>\nG 45 Styrol<br \/>\nG 46 Belastungen des Muskel- und Skelett-Systems einschlie\u00dflich Vibrationen<\/p>\n","protected":false},"excerpt":{"rendered":"<p>G 1.1 Quarzhaltiger Staub G 1.2 Asbestfaserhaltiger Staub G 1.3 K\u00fcnstlicher mineralischer Faserstaub G 1.4 Staubbelastung G 2 Blei G 3 Bleialkyle G 4 Hautkrebs hervorrufende Gefahrstoffe G 5 Glykoldinitrat oder Glycerintrinitrat (Nitroglykol oder Nitroglyzerin) G 6 Kohlendisulfid (Schwefelkohlenstoff) G 7 Kohlenmonoxid G 8 Benzol G 9 Quecksilber oder seine Verbindungen G 10 Methanol G [&hellip;]<\/p>\n","protected":false},"author":1,"featured_media":0,"parent":340,"menu_order":0,"comment_status":"closed","ping_status":"closed","template":"","meta":{"_acf_changed":false,"footnotes":""},"class_list":["post-351","page","type-page","status-publish","hentry"],"acf":[],"_links":{"self":[{"href":"https:\/\/www.gesundessalzburg.at\/amd\/wp-json\/wp\/v2\/pages\/351","targetHints":{"allow":["GET"]}}],"collection":[{"href":"https:\/\/www.gesundessalzburg.at\/amd\/wp-json\/wp\/v2\/pages"}],"about":[{"href":"https:\/\/www.gesundessalzburg.at\/amd\/wp-json\/wp\/v2\/types\/page"}],"author":[{"embeddable":true,"href":"https:\/\/www.gesundessalzburg.at\/amd\/wp-json\/wp\/v2\/users\/1"}],"replies":[{"embeddable":true,"href":"https:\/\/www.gesundessalzburg.at\/amd\/wp-json\/wp\/v2\/comments?post=351"}],"version-history":[{"count":0,"href":"https:\/\/www.gesundessalzburg.at\/amd\/wp-json\/wp\/v2\/pages\/351\/revisions"}],"up":[{"embeddable":true,"href":"https:\/\/www.gesundessalzburg.at\/amd\/wp-json\/wp\/v2\/pages\/340"}],"wp:attachment":[{"href":"https:\/\/www.gesundessalzburg.at\/amd\/wp-json\/wp\/v2\/media?parent=351"}],"curies":[{"name":"wp","href":"https:\/\/api.w.org\/{rel}","templated":true}]}}