{"id":1136,"date":"2019-10-21T14:18:17","date_gmt":"2019-10-21T12:18:17","guid":{"rendered":"https:\/\/www.gesundessalzburg.at\/avos\/?page_id=1136"},"modified":"2025-06-20T09:05:11","modified_gmt":"2025-06-20T07:05:11","slug":"unsere-eigentuemer","status":"publish","type":"page","link":"https:\/\/www.gesundessalzburg.at\/avos\/ueber-uns\/unsere-eigentuemer\/","title":{"rendered":"Unsere Eigent\u00fcmer"},"content":{"rendered":"<p style=\"text-align: center;\">Der Verein ist ebenfalls Alleineigent\u00fcmer von der eng mit dem AVOS verbundenen AMD Salzburg \u2013 Gesellschaft f\u00fcr Arbeitsmedizin, Sicherheitstechnik und Arbeitspsychologie GmbH. Der \u00e4rztliche Verein als Eigent\u00fcmer ist ein wichtiger Garant f\u00fcr die Wahrung unserer Werte. Die Gesundheit aller Menschen, die in Salzburg leben und arbeiten, steht im Mittelpunkt.<\/p>\n<p style=\"text-align: center;\">Werfen Sie einen Blick auf unseren Vereinsvorstand:<\/p>\n","protected":false},"excerpt":{"rendered":"<p>Der Verein ist ebenfalls Alleineigent\u00fcmer von der eng mit dem AVOS verbundenen AMD Salzburg \u2013 Gesellschaft f\u00fcr Arbeitsmedizin, Sicherheitstechnik und Arbeitspsychologie GmbH. Der \u00e4rztliche Verein als Eigent\u00fcmer ist ein wichtiger Garant f\u00fcr die Wahrung unserer Werte. Die Gesundheit aller Menschen, die in Salzburg leben und arbeiten, steht im Mittelpunkt. Werfen Sie einen Blick auf unseren [&hellip;]<\/p>\n","protected":false},"author":1,"featured_media":0,"parent":1373,"menu_order":2,"comment_status":"closed","ping_status":"closed","template":"page-team_overview.php","meta":{"_acf_changed":false,"footnotes":""},"class_list":["post-1136","page","type-page","status-publish","hentry"],"acf":[],"_links":{"self":[{"href":"https:\/\/www.gesundessalzburg.at\/avos\/wp-json\/wp\/v2\/pages\/1136","targetHints":{"allow":["GET"]}}],"collection":[{"href":"https:\/\/www.gesundessalzburg.at\/avos\/wp-json\/wp\/v2\/pages"}],"about":[{"href":"https:\/\/www.gesundessalzburg.at\/avos\/wp-json\/wp\/v2\/types\/page"}],"author":[{"embeddable":true,"href":"https:\/\/www.gesundessalzburg.at\/avos\/wp-json\/wp\/v2\/users\/1"}],"replies":[{"embeddable":true,"href":"https:\/\/www.gesundessalzburg.at\/avos\/wp-json\/wp\/v2\/comments?post=1136"}],"version-history":[{"count":3,"href":"https:\/\/www.gesundessalzburg.at\/avos\/wp-json\/wp\/v2\/pages\/1136\/revisions"}],"predecessor-version":[{"id":8948,"href":"https:\/\/www.gesundessalzburg.at\/avos\/wp-json\/wp\/v2\/pages\/1136\/revisions\/8948"}],"up":[{"embeddable":true,"href":"https:\/\/www.gesundessalzburg.at\/avos\/wp-json\/wp\/v2\/pages\/1373"}],"wp:attachment":[{"href":"https:\/\/www.gesundessalzburg.at\/avos\/wp-json\/wp\/v2\/media?parent=1136"}],"curies":[{"name":"wp","href":"https:\/\/api.w.org\/{rel}","templated":true}]}}