{"id":160,"date":"2019-05-31T12:10:41","date_gmt":"2019-05-31T10:10:41","guid":{"rendered":"https:\/\/www.gesundessalzburg.at\/avos\/?page_id=160"},"modified":"2023-03-06T10:46:42","modified_gmt":"2023-03-06T09:46:42","slug":"kontakt","status":"publish","type":"page","link":"https:\/\/www.gesundessalzburg.at\/avos\/kontakt\/","title":{"rendered":"Kontakt"},"content":{"rendered":"<h3>Kontakt<\/h3>\n<p>Wir haben Sie neugierig gemacht?<br \/>\nDas ist auch der Sinn der Sache!<\/p>\n<p>Sie k\u00f6nnen unsere zust\u00e4ndigen Mitarbeiter*innen jederzeit telefonisch oder per E-Mail erreichen.<\/p>\n<p>Alternativ steht Ihnen unser Kontaktformular f\u00fcr Anfragen aller Art zur Verf\u00fcgung.<\/p>\n","protected":false},"excerpt":{"rendered":"<p>Kontakt Wir haben Sie neugierig gemacht? Das ist auch der Sinn der Sache! Sie k\u00f6nnen unsere zust\u00e4ndigen Mitarbeiter*innen jederzeit telefonisch oder per E-Mail erreichen. Alternativ steht Ihnen unser Kontaktformular f\u00fcr Anfragen aller Art zur Verf\u00fcgung.<\/p>\n","protected":false},"author":1,"featured_media":0,"parent":0,"menu_order":50,"comment_status":"closed","ping_status":"closed","template":"page-map.php","meta":{"_acf_changed":false,"footnotes":""},"class_list":["post-160","page","type-page","status-publish","hentry"],"acf":[],"_links":{"self":[{"href":"https:\/\/www.gesundessalzburg.at\/avos\/wp-json\/wp\/v2\/pages\/160","targetHints":{"allow":["GET"]}}],"collection":[{"href":"https:\/\/www.gesundessalzburg.at\/avos\/wp-json\/wp\/v2\/pages"}],"about":[{"href":"https:\/\/www.gesundessalzburg.at\/avos\/wp-json\/wp\/v2\/types\/page"}],"author":[{"embeddable":true,"href":"https:\/\/www.gesundessalzburg.at\/avos\/wp-json\/wp\/v2\/users\/1"}],"replies":[{"embeddable":true,"href":"https:\/\/www.gesundessalzburg.at\/avos\/wp-json\/wp\/v2\/comments?post=160"}],"version-history":[{"count":6,"href":"https:\/\/www.gesundessalzburg.at\/avos\/wp-json\/wp\/v2\/pages\/160\/revisions"}],"predecessor-version":[{"id":5771,"href":"https:\/\/www.gesundessalzburg.at\/avos\/wp-json\/wp\/v2\/pages\/160\/revisions\/5771"}],"wp:attachment":[{"href":"https:\/\/www.gesundessalzburg.at\/avos\/wp-json\/wp\/v2\/media?parent=160"}],"curies":[{"name":"wp","href":"https:\/\/api.w.org\/{rel}","templated":true}]}}