{"id":7353,"date":"2024-08-12T11:47:50","date_gmt":"2024-08-12T09:47:50","guid":{"rendered":"https:\/\/www.gesundessalzburg.at\/avos\/?page_id=7353"},"modified":"2025-11-26T12:02:40","modified_gmt":"2025-11-26T11:02:40","slug":"krisenfest_plus","status":"publish","type":"page","link":"https:\/\/www.gesundessalzburg.at\/avos\/was-wir-tun\/gesundheitsfoerderungen-fuer-bildungseinrichtungen\/krisenfest_plus\/","title":{"rendered":"krisenFEST plus"},"content":{"rendered":"<p style=\"text-align: center;\">Ein Kooperationsprojekt von <strong>AVOS<\/strong>, <strong><a href=\"https:\/\/styriavitalis.at\/\" target=\"_blank\" rel=\"nofollow\" target=\"_blank\" >Styria Vitalis<\/a><\/strong> und <strong><a href=\"https:\/\/pph-augustinum.at\/\" target=\"_blank\" rel=\"nofollow\" target=\"_blank\" >PPH Augustinum<\/a><\/strong> gef\u00f6rdert durch FG\u00d6, Bundesministerium f\u00fcr Soziales, Gesundheit, Pflege und Konsumentenschutz und dem Kompetenzzentrum Zukunft Gesundheitsf\u00f6rderung.<\/p>\n","protected":false},"excerpt":{"rendered":"<p>Ein Kooperationsprojekt von AVOS, Styria Vitalis und PPH Augustinum gef\u00f6rdert durch FG\u00d6, Bundesministerium f\u00fcr Soziales, Gesundheit, Pflege und Konsumentenschutz und dem Kompetenzzentrum Zukunft Gesundheitsf\u00f6rderung.<\/p>\n","protected":false},"author":2,"featured_media":7357,"parent":1385,"menu_order":30,"comment_status":"closed","ping_status":"closed","template":"","meta":{"_acf_changed":false,"footnotes":""},"class_list":["post-7353","page","type-page","status-publish","has-post-thumbnail","hentry"],"acf":[],"_links":{"self":[{"href":"https:\/\/www.gesundessalzburg.at\/avos\/wp-json\/wp\/v2\/pages\/7353","targetHints":{"allow":["GET"]}}],"collection":[{"href":"https:\/\/www.gesundessalzburg.at\/avos\/wp-json\/wp\/v2\/pages"}],"about":[{"href":"https:\/\/www.gesundessalzburg.at\/avos\/wp-json\/wp\/v2\/types\/page"}],"author":[{"embeddable":true,"href":"https:\/\/www.gesundessalzburg.at\/avos\/wp-json\/wp\/v2\/users\/2"}],"replies":[{"embeddable":true,"href":"https:\/\/www.gesundessalzburg.at\/avos\/wp-json\/wp\/v2\/comments?post=7353"}],"version-history":[{"count":15,"href":"https:\/\/www.gesundessalzburg.at\/avos\/wp-json\/wp\/v2\/pages\/7353\/revisions"}],"predecessor-version":[{"id":9628,"href":"https:\/\/www.gesundessalzburg.at\/avos\/wp-json\/wp\/v2\/pages\/7353\/revisions\/9628"}],"up":[{"embeddable":true,"href":"https:\/\/www.gesundessalzburg.at\/avos\/wp-json\/wp\/v2\/pages\/1385"}],"wp:featuredmedia":[{"embeddable":true,"href":"https:\/\/www.gesundessalzburg.at\/avos\/wp-json\/wp\/v2\/media\/7357"}],"wp:attachment":[{"href":"https:\/\/www.gesundessalzburg.at\/avos\/wp-json\/wp\/v2\/media?parent=7353"}],"curies":[{"name":"wp","href":"https:\/\/api.w.org\/{rel}","templated":true}]}}