{"id":8597,"date":"2025-05-14T14:43:21","date_gmt":"2025-05-14T12:43:21","guid":{"rendered":"https:\/\/www.gesundessalzburg.at\/avos\/?page_id=8597"},"modified":"2026-03-25T13:40:29","modified_gmt":"2026-03-25T12:40:29","slug":"trittsicher-aktiv","status":"publish","type":"page","link":"https:\/\/www.gesundessalzburg.at\/avos\/was-wir-tun\/schulungsangebote\/trittsicher-aktiv\/","title":{"rendered":"Trittsicher &#038; aktiv"},"content":{"rendered":"<p style=\"text-align: center;\">\u201eTrittsicher &amp; aktiv\u201c ist ein kostenloses Angebot der Sozialversicherungstr\u00e4ger \u00d6GK, BVAEB und SVS.<br \/>\nDas Angebot ist eine Ma\u00dfnahme der \u00f6sterreichweiten Vorsorgestrategie \u2013 finanziert aus Mitteln der Bundesgesundheitsagentur.<br \/>\nFoto: \u00a9 Yvonne Kreuzmayr \/ \u00d6GK<\/p>\n<p style=\"text-align: center;\"><a href=\"https:\/\/www.gesundessalzburg.at\/avos\/trittsicher-aktiv-termine-erstes-halbjahr-2026\/\"><strong>\u00dcberblick &#8222;Trittsicher &amp; aktiv&#8220; &#8211; Kurse (1. Jahresh\u00e4lfte 2026)<\/strong><\/a><\/p>\n","protected":false},"excerpt":{"rendered":"<p>\u201eTrittsicher &amp; aktiv\u201c ist ein kostenloses Angebot der Sozialversicherungstr\u00e4ger \u00d6GK, BVAEB und SVS. Das Angebot ist eine Ma\u00dfnahme der \u00f6sterreichweiten Vorsorgestrategie \u2013 finanziert aus Mitteln der Bundesgesundheitsagentur. Foto: \u00a9 Yvonne Kreuzmayr \/ \u00d6GK \u00dcberblick &#8222;Trittsicher &amp; aktiv&#8220; &#8211; Kurse (1. Jahresh\u00e4lfte 2026)<\/p>\n","protected":false},"author":1,"featured_media":8723,"parent":1391,"menu_order":0,"comment_status":"closed","ping_status":"closed","template":"","meta":{"_acf_changed":false,"footnotes":""},"class_list":["post-8597","page","type-page","status-publish","has-post-thumbnail","hentry"],"acf":[],"_links":{"self":[{"href":"https:\/\/www.gesundessalzburg.at\/avos\/wp-json\/wp\/v2\/pages\/8597","targetHints":{"allow":["GET"]}}],"collection":[{"href":"https:\/\/www.gesundessalzburg.at\/avos\/wp-json\/wp\/v2\/pages"}],"about":[{"href":"https:\/\/www.gesundessalzburg.at\/avos\/wp-json\/wp\/v2\/types\/page"}],"author":[{"embeddable":true,"href":"https:\/\/www.gesundessalzburg.at\/avos\/wp-json\/wp\/v2\/users\/1"}],"replies":[{"embeddable":true,"href":"https:\/\/www.gesundessalzburg.at\/avos\/wp-json\/wp\/v2\/comments?post=8597"}],"version-history":[{"count":16,"href":"https:\/\/www.gesundessalzburg.at\/avos\/wp-json\/wp\/v2\/pages\/8597\/revisions"}],"predecessor-version":[{"id":10023,"href":"https:\/\/www.gesundessalzburg.at\/avos\/wp-json\/wp\/v2\/pages\/8597\/revisions\/10023"}],"up":[{"embeddable":true,"href":"https:\/\/www.gesundessalzburg.at\/avos\/wp-json\/wp\/v2\/pages\/1391"}],"wp:featuredmedia":[{"embeddable":true,"href":"https:\/\/www.gesundessalzburg.at\/avos\/wp-json\/wp\/v2\/media\/8723"}],"wp:attachment":[{"href":"https:\/\/www.gesundessalzburg.at\/avos\/wp-json\/wp\/v2\/media?parent=8597"}],"curies":[{"name":"wp","href":"https:\/\/api.w.org\/{rel}","templated":true}]}}