{"id":9049,"date":"2025-07-22T15:28:51","date_gmt":"2025-07-22T13:28:51","guid":{"rendered":"https:\/\/www.gesundessalzburg.at\/avos\/?page_id=9049"},"modified":"2025-08-19T10:49:09","modified_gmt":"2025-08-19T08:49:09","slug":"logopaedisches-sprach-screening-in-volksschulen","status":"publish","type":"page","link":"https:\/\/www.gesundessalzburg.at\/avos\/was-wir-tun\/therapie\/logopaedisches-sprach-screening-in-volksschulen\/","title":{"rendered":"Logop\u00e4disches Sprach-Screening in Volksschulen"},"content":{"rendered":"<p style=\"text-align: center;\">Ein Angebot vom Land Salzburg, unterst\u00fctzt von der Bildungsdirektion<\/p>\n<h6 style=\"text-align: center;\"><strong> Bis einschlie\u00dflich 24. Oktober 2025 k\u00f6nnen Schulleitungen Bedarfsmeldungen an <a rel=\"nofollow\" target=\"_blank\"  href=\"mailto:avos@avos.at\">avos@avos.at<\/a>\u00a0schicken.<\/strong><\/h6>\n<p style=\"text-align: center;\">\n","protected":false},"excerpt":{"rendered":"<p>Ein Angebot vom Land Salzburg, unterst\u00fctzt von der Bildungsdirektion Bis einschlie\u00dflich 24. Oktober 2025 k\u00f6nnen Schulleitungen Bedarfsmeldungen an avos@avos.at\u00a0schicken.<\/p>\n","protected":false},"author":2,"featured_media":9046,"parent":1393,"menu_order":0,"comment_status":"closed","ping_status":"closed","template":"","meta":{"_acf_changed":false,"footnotes":""},"class_list":["post-9049","page","type-page","status-publish","has-post-thumbnail","hentry"],"acf":[],"_links":{"self":[{"href":"https:\/\/www.gesundessalzburg.at\/avos\/wp-json\/wp\/v2\/pages\/9049","targetHints":{"allow":["GET"]}}],"collection":[{"href":"https:\/\/www.gesundessalzburg.at\/avos\/wp-json\/wp\/v2\/pages"}],"about":[{"href":"https:\/\/www.gesundessalzburg.at\/avos\/wp-json\/wp\/v2\/types\/page"}],"author":[{"embeddable":true,"href":"https:\/\/www.gesundessalzburg.at\/avos\/wp-json\/wp\/v2\/users\/2"}],"replies":[{"embeddable":true,"href":"https:\/\/www.gesundessalzburg.at\/avos\/wp-json\/wp\/v2\/comments?post=9049"}],"version-history":[{"count":17,"href":"https:\/\/www.gesundessalzburg.at\/avos\/wp-json\/wp\/v2\/pages\/9049\/revisions"}],"predecessor-version":[{"id":9256,"href":"https:\/\/www.gesundessalzburg.at\/avos\/wp-json\/wp\/v2\/pages\/9049\/revisions\/9256"}],"up":[{"embeddable":true,"href":"https:\/\/www.gesundessalzburg.at\/avos\/wp-json\/wp\/v2\/pages\/1393"}],"wp:featuredmedia":[{"embeddable":true,"href":"https:\/\/www.gesundessalzburg.at\/avos\/wp-json\/wp\/v2\/media\/9046"}],"wp:attachment":[{"href":"https:\/\/www.gesundessalzburg.at\/avos\/wp-json\/wp\/v2\/media?parent=9049"}],"curies":[{"name":"wp","href":"https:\/\/api.w.org\/{rel}","templated":true}]}}