{"id":9820,"date":"2026-01-21T10:33:14","date_gmt":"2026-01-21T09:33:14","guid":{"rendered":"https:\/\/www.gesundessalzburg.at\/avos\/?page_id=9820"},"modified":"2026-01-21T10:33:14","modified_gmt":"2026-01-21T09:33:14","slug":"kinderschutz","status":"publish","type":"page","link":"https:\/\/www.gesundessalzburg.at\/avos\/kinderschutz\/","title":{"rendered":"Kinderschutz"},"content":{"rendered":"<p>Der Schutz von Kindern und Jugendlichen hat bei AVOS oberste Priorit\u00e4t. Mit dem Ende 2025 etablierten Kinderschutzkonzept wurde ein verbindlicher Rahmen geschaffen, der in allen Arbeitsbereichen des Unternehmens gilt. Ziel ist es, Kinder und Jugendliche wirksam vor Gewalt, Grenzverletzungen und Gef\u00e4hrdungen zu sch\u00fctzen und ihre Rechte zu st\u00e4rken. Ein klarer Verhaltenskodex, pr\u00e4ventive Ma\u00dfnahmen und transparente Abl\u00e4ufe sind zentrale Bestandteile des Kinderschutzkonzepts. Mitarbeitende erhalten Orientierung, wie sie Risiken erkennen und in herausfordernden Situationen angemessen reagieren k\u00f6nnen.<\/p>\n<p><strong>Grundlagen und Ziele<\/strong><\/p>\n<p>Das Kinderschutzkonzept gilt f\u00fcr alle Mitarbeiter*innen \u2013 unabh\u00e4ngig davon, ob sie direkt mit Kindern und Jugendlichen arbeiten. Es bezieht sich auf Minderj\u00e4hrige bis zum vollendeten 18. Lebensjahr und definiert klare Standards f\u00fcr einen respektvollen, achtsamen und professionellen Umgang. Das Konzept wird regelm\u00e4\u00dfig \u00fcberpr\u00fcft und weiterentwickelt und versteht sich als Teil eines laufenden Organisationsprozesses.<\/p>\n<p><strong>Zentrale Ziele sind:<\/strong><\/p>\n<ul>\n<li>der Schutz von Kindern und Jugendlichen in allen T\u00e4tigkeitsbereichen,<\/li>\n<li>die Pr\u00e4vention von Gewalt und Grenzverletzungen,<\/li>\n<li>klare Orientierung f\u00fcr das richtige Handeln bei Unsicherheiten oder Verdachtsf\u00e4llen,<\/li>\n<li>die St\u00e4rkung von Wissen, Verantwortung und Handlungssicherheit im Team.<\/li>\n<\/ul>\n","protected":false},"excerpt":{"rendered":"<p>Der Schutz von Kindern und Jugendlichen hat bei AVOS oberste Priorit\u00e4t. Mit dem Ende 2025 etablierten Kinderschutzkonzept wurde ein verbindlicher Rahmen geschaffen, der in allen Arbeitsbereichen des Unternehmens gilt. Ziel ist es, Kinder und Jugendliche wirksam vor Gewalt, Grenzverletzungen und Gef\u00e4hrdungen zu sch\u00fctzen und ihre Rechte zu st\u00e4rken. Ein klarer Verhaltenskodex, pr\u00e4ventive Ma\u00dfnahmen und transparente [&hellip;]<\/p>\n","protected":false},"author":1,"featured_media":0,"parent":0,"menu_order":0,"comment_status":"closed","ping_status":"closed","template":"","meta":{"_acf_changed":false,"footnotes":""},"class_list":["post-9820","page","type-page","status-publish","hentry"],"acf":[],"_links":{"self":[{"href":"https:\/\/www.gesundessalzburg.at\/avos\/wp-json\/wp\/v2\/pages\/9820","targetHints":{"allow":["GET"]}}],"collection":[{"href":"https:\/\/www.gesundessalzburg.at\/avos\/wp-json\/wp\/v2\/pages"}],"about":[{"href":"https:\/\/www.gesundessalzburg.at\/avos\/wp-json\/wp\/v2\/types\/page"}],"author":[{"embeddable":true,"href":"https:\/\/www.gesundessalzburg.at\/avos\/wp-json\/wp\/v2\/users\/1"}],"replies":[{"embeddable":true,"href":"https:\/\/www.gesundessalzburg.at\/avos\/wp-json\/wp\/v2\/comments?post=9820"}],"version-history":[{"count":3,"href":"https:\/\/www.gesundessalzburg.at\/avos\/wp-json\/wp\/v2\/pages\/9820\/revisions"}],"predecessor-version":[{"id":9825,"href":"https:\/\/www.gesundessalzburg.at\/avos\/wp-json\/wp\/v2\/pages\/9820\/revisions\/9825"}],"wp:attachment":[{"href":"https:\/\/www.gesundessalzburg.at\/avos\/wp-json\/wp\/v2\/media?parent=9820"}],"curies":[{"name":"wp","href":"https:\/\/api.w.org\/{rel}","templated":true}]}}